{"id":301,"date":"2023-07-10T14:55:46","date_gmt":"2023-07-10T12:55:46","guid":{"rendered":"http:\/\/forms.namyslo.de\/?page_id=301"},"modified":"2024-10-24T14:15:53","modified_gmt":"2024-10-24T12:15:53","slug":"auftragsbestaetigung","status":"publish","type":"page","link":"https:\/\/forms.namyslo.de\/index.php\/auftragsbestaetigung\/","title":{"rendered":"Auftragsbest\u00e4tigung"},"content":{"rendered":"\n<div class=\"wp-block-contact-form-7-contact-form-selector\">\n<div class=\"wpcf7 no-js\" id=\"wpcf7-f299-o1\" lang=\"de-DE\" dir=\"ltr\" data-wpcf7-id=\"299\">\n<div class=\"screen-reader-response\"><p role=\"status\" aria-live=\"polite\" aria-atomic=\"true\"><\/p> <ul><\/ul><\/div>\n<form action=\"\/index.php\/wp-json\/wp\/v2\/pages\/301#wpcf7-f299-o1\" method=\"post\" class=\"wpcf7-form init\" aria-label=\"Kontaktformular\" novalidate=\"novalidate\" data-status=\"init\">\n<fieldset class=\"hidden-fields-container\"><input type=\"hidden\" name=\"_wpcf7\" value=\"299\" \/><input type=\"hidden\" name=\"_wpcf7_version\" value=\"6.1.5\" \/><input type=\"hidden\" name=\"_wpcf7_locale\" value=\"de_DE\" \/><input type=\"hidden\" name=\"_wpcf7_unit_tag\" value=\"wpcf7-f299-o1\" \/><input type=\"hidden\" name=\"_wpcf7_container_post\" value=\"0\" \/><input type=\"hidden\" name=\"_wpcf7_posted_data_hash\" value=\"\" \/>\n<\/fieldset>\n<p><label> <b>Auftragsnummer<\/b><a style=\"color:red\">*<\/a><br \/>\n<span class=\"wpcf7-form-control-wrap\" data-name=\"your-subject\"><input size=\"40\" maxlength=\"400\" class=\"wpcf7-form-control wpcf7-text wpcf7-validates-as-required\" aria-required=\"true\" aria-invalid=\"false\" placeholder=\"Auftragsnummer aus E-Mail Anhang\" value=\"\" type=\"text\" name=\"your-subject\" \/><\/span> <\/label>\n<\/p>\n<p><b>Hiermit best\u00e4tige ich den Auftrag mit o.g. Auftragsnummer. Der Auftrag wird unter ausdr\u00fccklicher Anerkennung der \"Bedingungen f\u00fcr die Ausf\u00fchrung von Arbeiten an Kraftfahrzeugen, Anh\u00e4ngern, Aggregaten und deren Teilen und f\u00fcr Kostenvoranschl\u00e4ge\" erteilt.<\/b>\n<\/p>\n<p><label> <b>Datum<\/b><a style=\"color:red\">*<\/a><br \/>\n<span class=\"wpcf7-form-control-wrap\" data-name=\"date\"><input class=\"wpcf7-form-control wpcf7-date wpcf7-validates-as-required wpcf7-validates-as-date\" aria-required=\"true\" aria-invalid=\"false\" value=\"2026-04-20\" type=\"date\" name=\"date\" \/><\/span> <\/label>\n<\/p>\n<p><label> <b>Unterschrift des Auftraggebers<\/b><a style=\"color:red\">*<\/a><\/label><br \/>\n<div class=\"dscf7_signature\">\n\t\t\t<div class=\"dscf7_signature_inner\">\n\t\t\t\t<canvas id=\"digital_signature-pad_signature\" name=\"signature\" class=\"digital_signature-pad\" color=\"#000000\" backcolor=\"#dddddd\" width=\"300\" height=\"100\"><\/canvas>\n\t\t\t\t<input class=\"clearButton\" type=\"button\" value=\"+\">\n\t\t\t<\/div>\n\t\t\t<span class=\"wpcf7-form-control-wrap signature\">\n\t\t\t\t<input class=\"wpcf7-form-control wpcf7-signature wpcf7-validates-as-requiredwpcf7-validates-as-signaturedscf7-signature\" value=\"\" type=\"hidden\" name=\"signature\"\/>\n\t\t\t\t<input type=\"hidden\" name=\"signature-attachment\" class=\"wpcf7_input_signature_attachment\"\/>\n\t\t\t\t<input type=\"hidden\" name=\"signature-inline\" class=\"wpcf7_input_signature_inline\"\/>\n\t\t\t<\/span>\n\t\t<\/div>\n<\/p>\n<p><span class=\"wpcf7-form-control-wrap\" data-name=\"accept\"><span class=\"wpcf7-form-control wpcf7-acceptance\"><span class=\"wpcf7-list-item\"><label><input type=\"checkbox\" name=\"accept\" value=\"1\" aria-invalid=\"false\" \/><span class=\"wpcf7-list-item-label\">Mir ist bewusst, dass eine digitale Unterschrift genauso rechtskr\u00e4ftig und verbindlich ist, wie eine vor Ort geleistete Unterschrift.<\/span><\/label><\/span><\/span><\/span>\n<\/p>\n<p><input class=\"wpcf7-form-control wpcf7-submit has-spinner\" type=\"submit\" value=\"\u00fcbermitteln\" \/>\n<\/p><div class=\"wpcf7-response-output\" aria-hidden=\"true\"><\/div>\n<\/form>\n<\/div>\n<\/div>\n","protected":false},"excerpt":{"rendered":"","protected":false},"author":1,"featured_media":0,"parent":0,"menu_order":0,"comment_status":"closed","ping_status":"closed","template":"","meta":{"footnotes":""},"class_list":["post-301","page","type-page","status-publish","hentry"],"_links":{"self":[{"href":"https:\/\/forms.namyslo.de\/index.php\/wp-json\/wp\/v2\/pages\/301","targetHints":{"allow":["GET"]}}],"collection":[{"href":"https:\/\/forms.namyslo.de\/index.php\/wp-json\/wp\/v2\/pages"}],"about":[{"href":"https:\/\/forms.namyslo.de\/index.php\/wp-json\/wp\/v2\/types\/page"}],"author":[{"embeddable":true,"href":"https:\/\/forms.namyslo.de\/index.php\/wp-json\/wp\/v2\/users\/1"}],"replies":[{"embeddable":true,"href":"https:\/\/forms.namyslo.de\/index.php\/wp-json\/wp\/v2\/comments?post=301"}],"version-history":[{"count":3,"href":"https:\/\/forms.namyslo.de\/index.php\/wp-json\/wp\/v2\/pages\/301\/revisions"}],"predecessor-version":[{"id":1019,"href":"https:\/\/forms.namyslo.de\/index.php\/wp-json\/wp\/v2\/pages\/301\/revisions\/1019"}],"wp:attachment":[{"href":"https:\/\/forms.namyslo.de\/index.php\/wp-json\/wp\/v2\/media?parent=301"}],"curies":[{"name":"wp","href":"https:\/\/api.w.org\/{rel}","templated":true}]}}